{"id":28,"date":"2026-02-23T22:28:51","date_gmt":"2026-02-23T22:28:51","guid":{"rendered":"https:\/\/tomatoday.fruitveb.hu\/?page_id=28"},"modified":"2026-02-28T14:23:07","modified_gmt":"2026-02-28T14:23:07","slug":"eloadok","status":"publish","type":"page","link":"https:\/\/tomatoday.fruitveb.hu\/en\/eloadok\/","title":{"rendered":"El\u0151ad\u00f3ink"},"content":{"rendered":"<div style=\"height:var(--wp--preset--spacing--30)\" aria-hidden=\"true\" class=\"wp-block-spacer\"><\/div>\n\n\n\n<div class=\"wp-block-columns is-layout-flex wp-container-core-columns-is-layout-800806c7 wp-block-columns-is-layout-flex\" style=\"margin-top:var(--wp--preset--spacing--50);margin-bottom:var(--wp--preset--spacing--50);padding-right:0;padding-left:0\">\n<div class=\"wp-block-column has-global-padding is-content-justification-right is-layout-constrained wp-container-core-column-is-layout-7e454041 wp-block-column-is-layout-constrained\" style=\"flex-basis:50%\">\n<figure class=\"wp-block-image size-large has-custom-border is-style-rounded\"><img loading=\"lazy\" decoding=\"async\" width=\"1024\" height=\"762\" src=\"https:\/\/tomatoday.fruitveb.hu\/wp-content\/uploads\/2026\/02\/Tomato-10-1024x762.jpg\" alt=\"\" class=\"has-border-color has-custom-green-border-color wp-image-236\" style=\"border-width:7px;aspect-ratio:1;object-fit:cover\" srcset=\"https:\/\/tomatoday.fruitveb.hu\/wp-content\/uploads\/2026\/02\/Tomato-10-1024x762.jpg 1024w, https:\/\/tomatoday.fruitveb.hu\/wp-content\/uploads\/2026\/02\/Tomato-10-300x223.jpg 300w, https:\/\/tomatoday.fruitveb.hu\/wp-content\/uploads\/2026\/02\/Tomato-10-768x571.jpg 768w, https:\/\/tomatoday.fruitveb.hu\/wp-content\/uploads\/2026\/02\/Tomato-10-16x12.jpg 16w, https:\/\/tomatoday.fruitveb.hu\/wp-content\/uploads\/2026\/02\/Tomato-10.jpg 1280w\" sizes=\"auto, (max-width: 1024px) 100vw, 1024px\" \/><\/figure>\n<\/div>\n\n\n\n<div class=\"wp-block-column is-layout-flow wp-block-column-is-layout-flow\" style=\"flex-basis:50%\">\n<h2 class=\"wp-block-heading has-custom-green-color has-text-color has-link-color wp-elements-6a83790e81fba5af81f82627753a2a06\" style=\"font-style:normal;font-weight:700\">Kocsis M\u00e1rton<\/h2>\n\n\n\n<h6 class=\"wp-block-heading\">szak\u00fajs\u00e1g\u00edr\u00f3<\/h6>\n\n\n\n<p><a href=\"https:\/\/fruitveb.hu\" target=\"_blank\" rel=\"noreferrer noopener\">www.fruitveb.hu<\/a><\/p>\n<\/div>\n<\/div>\n\n\n\n<hr class=\"wp-block-separator has-alpha-channel-opacity\"\/>\n\n\n\n<div class=\"wp-block-columns is-layout-flex wp-container-core-columns-is-layout-86f1af66 wp-block-columns-is-layout-flex\" style=\"margin-top:var(--wp--preset--spacing--60);margin-bottom:var(--wp--preset--spacing--60);padding-right:0;padding-left:0\">\n<div class=\"wp-block-column is-layout-flow wp-block-column-is-layout-flow\" style=\"flex-basis:50%\">\n<h2 class=\"wp-block-heading has-text-align-right has-custom-green-color has-text-color has-link-color wp-elements-8ec52c502635effca393b58c312f6216\" style=\"font-style:normal;font-weight:700\">Kocsis M\u00e1rton<\/h2>\n\n\n\n<h6 class=\"wp-block-heading has-text-align-right\">szak\u00fajs\u00e1g\u00edr\u00f3<\/h6>\n\n\n\n<p class=\"has-text-align-right\"><a href=\"https:\/\/fruitveb.hu\" target=\"_blank\" rel=\"noreferrer noopener\">www.fruitveb.hu<\/a><\/p>\n<\/div>\n\n\n\n<div class=\"wp-block-column has-global-padding is-content-justification-left is-layout-constrained wp-container-core-column-is-layout-709f5f14 wp-block-column-is-layout-constrained\" style=\"flex-basis:50%\">\n<figure class=\"wp-block-image size-large has-custom-border is-style-rounded\"><img loading=\"lazy\" decoding=\"async\" width=\"1024\" height=\"768\" src=\"https:\/\/tomatoday.fruitveb.hu\/wp-content\/uploads\/2026\/02\/Cucumber-16-1024x768.jpg\" alt=\"\" class=\"has-border-color has-custom-green-border-color wp-image-192\" style=\"border-width:7px;aspect-ratio:1;object-fit:cover\" srcset=\"https:\/\/tomatoday.fruitveb.hu\/wp-content\/uploads\/2026\/02\/Cucumber-16-1024x768.jpg 1024w, https:\/\/tomatoday.fruitveb.hu\/wp-content\/uploads\/2026\/02\/Cucumber-16-300x225.jpg 300w, https:\/\/tomatoday.fruitveb.hu\/wp-content\/uploads\/2026\/02\/Cucumber-16-768x576.jpg 768w, https:\/\/tomatoday.fruitveb.hu\/wp-content\/uploads\/2026\/02\/Cucumber-16-16x12.jpg 16w, https:\/\/tomatoday.fruitveb.hu\/wp-content\/uploads\/2026\/02\/Cucumber-16.jpg 1280w\" sizes=\"auto, (max-width: 1024px) 100vw, 1024px\" \/><\/figure>\n<\/div>\n<\/div>\n\n\n\n<hr class=\"wp-block-separator has-alpha-channel-opacity\"\/>\n\n\n\n<p><\/p>","protected":false},"excerpt":{"rendered":"<p>Kocsis M\u00e1rton szak\u00fajs\u00e1g\u00edr\u00f3 www.fruitveb.hu Kocsis M\u00e1rton szak\u00fajs\u00e1g\u00edr\u00f3 www.fruitveb.hu<\/p>","protected":false},"author":1,"featured_media":0,"parent":0,"menu_order":0,"comment_status":"closed","ping_status":"closed","template":"","meta":{"footnotes":""},"class_list":["post-28","page","type-page","status-publish","hentry"],"_links":{"self":[{"href":"https:\/\/tomatoday.fruitveb.hu\/en\/wp-json\/wp\/v2\/pages\/28","targetHints":{"allow":["GET"]}}],"collection":[{"href":"https:\/\/tomatoday.fruitveb.hu\/en\/wp-json\/wp\/v2\/pages"}],"about":[{"href":"https:\/\/tomatoday.fruitveb.hu\/en\/wp-json\/wp\/v2\/types\/page"}],"author":[{"embeddable":true,"href":"https:\/\/tomatoday.fruitveb.hu\/en\/wp-json\/wp\/v2\/users\/1"}],"replies":[{"embeddable":true,"href":"https:\/\/tomatoday.fruitveb.hu\/en\/wp-json\/wp\/v2\/comments?post=28"}],"version-history":[{"count":14,"href":"https:\/\/tomatoday.fruitveb.hu\/en\/wp-json\/wp\/v2\/pages\/28\/revisions"}],"predecessor-version":[{"id":331,"href":"https:\/\/tomatoday.fruitveb.hu\/en\/wp-json\/wp\/v2\/pages\/28\/revisions\/331"}],"wp:attachment":[{"href":"https:\/\/tomatoday.fruitveb.hu\/en\/wp-json\/wp\/v2\/media?parent=28"}],"curies":[{"name":"wp","href":"https:\/\/api.w.org\/{rel}","templated":true}]}}